{"id":5428,"date":"2022-06-08T12:45:32","date_gmt":"2022-06-08T12:45:32","guid":{"rendered":"https:\/\/homologa.vitaltech.com.br\/index.php\/product\/senha-e-guiche-sequencial-de-4-polegadas-copy\/"},"modified":"2022-06-08T12:52:55","modified_gmt":"2022-06-08T12:52:55","slug":"painel-de-mensagem-e-pictograma-com-strobo-107-metro","status":"publish","type":"product","link":"https:\/\/homologa.vitaltech.com.br\/index.php\/product\/painel-de-mensagem-e-pictograma-com-strobo-107-metro\/","title":{"rendered":"Painel de mensagem e pictograma com strobo (1,07 metro)"},"content":{"rendered":"<div class=\"fggS- cell\">\n<div class=\"fggS- cell\">\n<div class=\"fggS- cell\">\n<h1 class=\"_2qrJF igTU-\" data-hook=\"product-title\"><\/h1>\n<\/div>\n<div class=\"fggS- cell\">\n<div class=\"d_6Yy\" data-hook=\"product-payment-breakdown\">\n<div data-hook=\"payment-methods-banner\"><\/div>\n<\/div>\n<\/div>\n<div class=\"fggS- cell\">\n<div data-hook=\"details-placeholder\"><\/div>\n<\/div>\n<\/div>\n<div class=\"fggS- cell\">\n<div class=\"d_6Yy\" data-hook=\"product-payment-breakdown\">\n<div data-hook=\"payment-methods-banner\">\n<h1 class=\"_2qrJF igTU-\" data-hook=\"product-title\"><\/h1>\n<\/div>\n<\/div>\n<\/div>\n<div class=\"fggS- cell\">\n<div data-hook=\"details-placeholder\">\n<h1 class=\"_2qrJF igTU-\" data-hook=\"product-title\"><\/h1>\n<\/div>\n<\/div>\n<\/div>\n<div class=\"fggS- cell\">\n<div class=\"d_6Yy\" data-hook=\"product-payment-breakdown\">\n<div data-hook=\"payment-methods-banner\"><\/div>\n<\/div>\n<\/div>\n<div class=\"fggS- cell\">\n<div data-hook=\"details-placeholder\"><\/div>\n<\/div>\n","protected":false},"excerpt":{"rendered":"<p>Este produto \u00e9 uma produ\u00e7\u00e3o customizada pela vital tech.<br \/>\nPode sofrer altera\u00e7\u00f5es via or\u00e7amento.<\/p>\n","protected":false},"featured_media":5430,"comment_status":"open","ping_status":"closed","template":"","meta":{"site-sidebar-layout":"default","site-content-layout":"default","ast-global-header-display":"","ast-main-header-display":"","ast-hfb-above-header-display":"","ast-hfb-below-header-display":"","ast-hfb-mobile-header-display":"","site-post-title":"","ast-breadcrumbs-content":"","ast-featured-img":"","footer-sml-layout":"","theme-transparent-header-meta":"default","adv-header-id-meta":"","stick-header-meta":"default","header-above-stick-meta":"","header-main-stick-meta":"","header-below-stick-meta":"","_joinchat":[]},"product_brand":[],"product_cat":[102],"product_tag":[],"class_list":{"0":"post-5428","1":"product","2":"type-product","3":"status-publish","4":"has-post-thumbnail","6":"product_cat-rodovia_transito","8":"first","9":"instock","10":"sold-individually","11":"shipping-taxable","12":"product-type-simple"},"jetpack_sharing_enabled":true,"_links":{"self":[{"href":"https:\/\/homologa.vitaltech.com.br\/index.php\/wp-json\/wp\/v2\/product\/5428","targetHints":{"allow":["GET"]}}],"collection":[{"href":"https:\/\/homologa.vitaltech.com.br\/index.php\/wp-json\/wp\/v2\/product"}],"about":[{"href":"https:\/\/homologa.vitaltech.com.br\/index.php\/wp-json\/wp\/v2\/types\/product"}],"replies":[{"embeddable":true,"href":"https:\/\/homologa.vitaltech.com.br\/index.php\/wp-json\/wp\/v2\/comments?post=5428"}],"version-history":[{"count":2,"href":"https:\/\/homologa.vitaltech.com.br\/index.php\/wp-json\/wp\/v2\/product\/5428\/revisions"}],"predecessor-version":[{"id":5431,"href":"https:\/\/homologa.vitaltech.com.br\/index.php\/wp-json\/wp\/v2\/product\/5428\/revisions\/5431"}],"wp:featuredmedia":[{"embeddable":true,"href":"https:\/\/homologa.vitaltech.com.br\/index.php\/wp-json\/wp\/v2\/media\/5430"}],"wp:attachment":[{"href":"https:\/\/homologa.vitaltech.com.br\/index.php\/wp-json\/wp\/v2\/media?parent=5428"}],"wp:term":[{"taxonomy":"product_brand","embeddable":true,"href":"https:\/\/homologa.vitaltech.com.br\/index.php\/wp-json\/wp\/v2\/product_brand?post=5428"},{"taxonomy":"product_cat","embeddable":true,"href":"https:\/\/homologa.vitaltech.com.br\/index.php\/wp-json\/wp\/v2\/product_cat?post=5428"},{"taxonomy":"product_tag","embeddable":true,"href":"https:\/\/homologa.vitaltech.com.br\/index.php\/wp-json\/wp\/v2\/product_tag?post=5428"}],"curies":[{"name":"wp","href":"https:\/\/api.w.org\/{rel}","templated":true}]}}