{"id":4744,"date":"2022-05-31T11:33:14","date_gmt":"2022-05-31T11:33:14","guid":{"rendered":"https:\/\/homologa.vitaltech.com.br\/index.php\/product\/painel-cipa-4-polegadas-de-18-digitos-modulo-copy\/"},"modified":"2022-06-03T17:21:01","modified_gmt":"2022-06-03T17:21:01","slug":"painel-cipa-6-polegadas-com-pmv-terceiros","status":"publish","type":"product","link":"https:\/\/homologa.vitaltech.com.br\/index.php\/product\/painel-cipa-6-polegadas-com-pmv-terceiros\/","title":{"rendered":"Painel Cipa &#8211; 6&#8243; polegadas com pmv terceiros"},"content":{"rendered":"","protected":false},"excerpt":{"rendered":"<p>Este produto \u00e9 uma produ\u00e7\u00e3o customizada pela vital tech.<br \/>\nPode sofrer altera\u00e7\u00f5es via or\u00e7amento.<\/p>\n","protected":false},"featured_media":4749,"comment_status":"open","ping_status":"closed","template":"","meta":{"site-sidebar-layout":"default","site-content-layout":"default","ast-global-header-display":"","ast-main-header-display":"","ast-hfb-above-header-display":"","ast-hfb-below-header-display":"","ast-hfb-mobile-header-display":"","site-post-title":"","ast-breadcrumbs-content":"","ast-featured-img":"","footer-sml-layout":"","theme-transparent-header-meta":"default","adv-header-id-meta":"","stick-header-meta":"default","header-above-stick-meta":"","header-main-stick-meta":"","header-below-stick-meta":"","_joinchat":[]},"product_brand":[],"product_cat":[81],"product_tag":[],"class_list":{"0":"post-4744","1":"product","2":"type-product","3":"status-publish","4":"has-post-thumbnail","6":"product_cat-cipa","8":"first","9":"instock","10":"sold-individually","11":"shipping-taxable","12":"purchasable","13":"product-type-simple"},"jetpack_sharing_enabled":true,"_links":{"self":[{"href":"https:\/\/homologa.vitaltech.com.br\/index.php\/wp-json\/wp\/v2\/product\/4744","targetHints":{"allow":["GET"]}}],"collection":[{"href":"https:\/\/homologa.vitaltech.com.br\/index.php\/wp-json\/wp\/v2\/product"}],"about":[{"href":"https:\/\/homologa.vitaltech.com.br\/index.php\/wp-json\/wp\/v2\/types\/product"}],"replies":[{"embeddable":true,"href":"https:\/\/homologa.vitaltech.com.br\/index.php\/wp-json\/wp\/v2\/comments?post=4744"}],"version-history":[{"count":4,"href":"https:\/\/homologa.vitaltech.com.br\/index.php\/wp-json\/wp\/v2\/product\/4744\/revisions"}],"predecessor-version":[{"id":4841,"href":"https:\/\/homologa.vitaltech.com.br\/index.php\/wp-json\/wp\/v2\/product\/4744\/revisions\/4841"}],"wp:featuredmedia":[{"embeddable":true,"href":"https:\/\/homologa.vitaltech.com.br\/index.php\/wp-json\/wp\/v2\/media\/4749"}],"wp:attachment":[{"href":"https:\/\/homologa.vitaltech.com.br\/index.php\/wp-json\/wp\/v2\/media?parent=4744"}],"wp:term":[{"taxonomy":"product_brand","embeddable":true,"href":"https:\/\/homologa.vitaltech.com.br\/index.php\/wp-json\/wp\/v2\/product_brand?post=4744"},{"taxonomy":"product_cat","embeddable":true,"href":"https:\/\/homologa.vitaltech.com.br\/index.php\/wp-json\/wp\/v2\/product_cat?post=4744"},{"taxonomy":"product_tag","embeddable":true,"href":"https:\/\/homologa.vitaltech.com.br\/index.php\/wp-json\/wp\/v2\/product_tag?post=4744"}],"curies":[{"name":"wp","href":"https:\/\/api.w.org\/{rel}","templated":true}]}}