{"id":3669,"date":"2022-05-18T20:07:03","date_gmt":"2022-05-18T20:07:03","guid":{"rendered":"https:\/\/homologa.vitaltech.com.br\/index.php\/product\/ind-0345c-copy-2-copy-copy-copy-copy-copy-copy-2-copy-copy-copy-copy-copy-copy-copy-copy-copy-copy-copy-copy-copy-copy-copy-copy-copy-copy-copy\/"},"modified":"2022-06-15T16:41:28","modified_gmt":"2022-06-15T16:41:28","slug":"relogio-com-temperatura-6-digitos-11-polegadas","status":"publish","type":"product","link":"https:\/\/homologa.vitaltech.com.br\/index.php\/product\/relogio-com-temperatura-6-digitos-11-polegadas\/","title":{"rendered":"Rel\u00f3gio com temperatura 6 d\u00edgitos 11&#8243; polegadas"},"content":{"rendered":"","protected":false},"excerpt":{"rendered":"<p>Este produto \u00e9 uma produ\u00e7\u00e3o customizada pela vital tech.<br \/>\nPode sofrer altera\u00e7\u00f5es via or\u00e7amento.<\/p>\n","protected":false},"featured_media":3670,"comment_status":"open","ping_status":"closed","template":"","meta":{"site-sidebar-layout":"default","site-content-layout":"default","ast-global-header-display":"","ast-main-header-display":"","ast-hfb-above-header-display":"","ast-hfb-below-header-display":"","ast-hfb-mobile-header-display":"","site-post-title":"","ast-breadcrumbs-content":"","ast-featured-img":"","footer-sml-layout":"","theme-transparent-header-meta":"default","adv-header-id-meta":"","stick-header-meta":"default","header-above-stick-meta":"","header-main-stick-meta":"","header-below-stick-meta":"","_joinchat":[]},"product_brand":[],"product_cat":[100],"product_tag":[],"class_list":{"0":"post-3669","1":"product","2":"type-product","3":"status-publish","4":"has-post-thumbnail","6":"product_cat-relogio_termometro","8":"first","9":"instock","10":"featured","11":"sold-individually","12":"shipping-taxable","13":"purchasable","14":"product-type-simple"},"jetpack_sharing_enabled":true,"_links":{"self":[{"href":"https:\/\/homologa.vitaltech.com.br\/index.php\/wp-json\/wp\/v2\/product\/3669","targetHints":{"allow":["GET"]}}],"collection":[{"href":"https:\/\/homologa.vitaltech.com.br\/index.php\/wp-json\/wp\/v2\/product"}],"about":[{"href":"https:\/\/homologa.vitaltech.com.br\/index.php\/wp-json\/wp\/v2\/types\/product"}],"replies":[{"embeddable":true,"href":"https:\/\/homologa.vitaltech.com.br\/index.php\/wp-json\/wp\/v2\/comments?post=3669"}],"version-history":[{"count":3,"href":"https:\/\/homologa.vitaltech.com.br\/index.php\/wp-json\/wp\/v2\/product\/3669\/revisions"}],"predecessor-version":[{"id":4063,"href":"https:\/\/homologa.vitaltech.com.br\/index.php\/wp-json\/wp\/v2\/product\/3669\/revisions\/4063"}],"wp:featuredmedia":[{"embeddable":true,"href":"https:\/\/homologa.vitaltech.com.br\/index.php\/wp-json\/wp\/v2\/media\/3670"}],"wp:attachment":[{"href":"https:\/\/homologa.vitaltech.com.br\/index.php\/wp-json\/wp\/v2\/media?parent=3669"}],"wp:term":[{"taxonomy":"product_brand","embeddable":true,"href":"https:\/\/homologa.vitaltech.com.br\/index.php\/wp-json\/wp\/v2\/product_brand?post=3669"},{"taxonomy":"product_cat","embeddable":true,"href":"https:\/\/homologa.vitaltech.com.br\/index.php\/wp-json\/wp\/v2\/product_cat?post=3669"},{"taxonomy":"product_tag","embeddable":true,"href":"https:\/\/homologa.vitaltech.com.br\/index.php\/wp-json\/wp\/v2\/product_tag?post=3669"}],"curies":[{"name":"wp","href":"https:\/\/api.w.org\/{rel}","templated":true}]}}