{"id":3618,"date":"2022-05-18T18:01:13","date_gmt":"2022-05-18T18:01:13","guid":{"rendered":"https:\/\/homologa.vitaltech.com.br\/index.php\/product\/ind-0345c-copy-2-copy-copy-copy-copy-copy-copy-2-copy-copy-copy-copy-copy-copy\/"},"modified":"2022-06-20T16:42:51","modified_gmt":"2022-06-20T16:42:51","slug":"indicador-de-preco-05-modulos-6-pol-e-4polegadas","status":"publish","type":"product","link":"https:\/\/homologa.vitaltech.com.br\/index.php\/product\/indicador-de-preco-05-modulos-6-pol-e-4polegadas\/","title":{"rendered":"Indicador de pre\u00e7o 05 m\u00f3dulos 6&#8243; pol. e 4&#8243;polegadas"},"content":{"rendered":"","protected":false},"excerpt":{"rendered":"<p>Este produto \u00e9 uma produ\u00e7\u00e3o customizada pela vital tech.<br \/>\nPode sofrer altera\u00e7\u00f5es via or\u00e7amento.<\/p>\n","protected":false},"featured_media":3620,"comment_status":"open","ping_status":"closed","template":"","meta":{"site-sidebar-layout":"default","site-content-layout":"default","ast-global-header-display":"","ast-main-header-display":"","ast-hfb-above-header-display":"","ast-hfb-below-header-display":"","ast-hfb-mobile-header-display":"","site-post-title":"","ast-breadcrumbs-content":"","ast-featured-img":"","footer-sml-layout":"","theme-transparent-header-meta":"default","adv-header-id-meta":"","stick-header-meta":"default","header-above-stick-meta":"","header-main-stick-meta":"","header-below-stick-meta":"","_joinchat":[]},"product_brand":[],"product_cat":[122,123],"product_tag":[],"class_list":{"0":"post-3618","1":"product","2":"type-product","3":"status-publish","4":"has-post-thumbnail","6":"product_cat-indicadores-led-diversos","7":"product_cat-indicador-preco","9":"first","10":"instock","11":"sold-individually","12":"shipping-taxable","13":"purchasable","14":"product-type-simple"},"jetpack_sharing_enabled":true,"_links":{"self":[{"href":"https:\/\/homologa.vitaltech.com.br\/index.php\/wp-json\/wp\/v2\/product\/3618","targetHints":{"allow":["GET"]}}],"collection":[{"href":"https:\/\/homologa.vitaltech.com.br\/index.php\/wp-json\/wp\/v2\/product"}],"about":[{"href":"https:\/\/homologa.vitaltech.com.br\/index.php\/wp-json\/wp\/v2\/types\/product"}],"replies":[{"embeddable":true,"href":"https:\/\/homologa.vitaltech.com.br\/index.php\/wp-json\/wp\/v2\/comments?post=3618"}],"version-history":[{"count":3,"href":"https:\/\/homologa.vitaltech.com.br\/index.php\/wp-json\/wp\/v2\/product\/3618\/revisions"}],"predecessor-version":[{"id":5684,"href":"https:\/\/homologa.vitaltech.com.br\/index.php\/wp-json\/wp\/v2\/product\/3618\/revisions\/5684"}],"wp:featuredmedia":[{"embeddable":true,"href":"https:\/\/homologa.vitaltech.com.br\/index.php\/wp-json\/wp\/v2\/media\/3620"}],"wp:attachment":[{"href":"https:\/\/homologa.vitaltech.com.br\/index.php\/wp-json\/wp\/v2\/media?parent=3618"}],"wp:term":[{"taxonomy":"product_brand","embeddable":true,"href":"https:\/\/homologa.vitaltech.com.br\/index.php\/wp-json\/wp\/v2\/product_brand?post=3618"},{"taxonomy":"product_cat","embeddable":true,"href":"https:\/\/homologa.vitaltech.com.br\/index.php\/wp-json\/wp\/v2\/product_cat?post=3618"},{"taxonomy":"product_tag","embeddable":true,"href":"https:\/\/homologa.vitaltech.com.br\/index.php\/wp-json\/wp\/v2\/product_tag?post=3618"}],"curies":[{"name":"wp","href":"https:\/\/api.w.org\/{rel}","templated":true}]}}