{"id":3145,"date":"2022-05-13T16:53:10","date_gmt":"2022-05-13T16:53:10","guid":{"rendered":"https:\/\/homologa.vitaltech.com.br\/index.php\/product\/ind-0345c-copy-2-copy-copy-copy-copy-copy-copy-2-copy-copy\/"},"modified":"2022-06-09T17:20:20","modified_gmt":"2022-06-09T17:20:20","slug":"cronometro-6-polegadas-2-modulos-cronometros","status":"publish","type":"product","link":"https:\/\/homologa.vitaltech.com.br\/index.php\/product\/cronometro-6-polegadas-2-modulos-cronometros\/","title":{"rendered":"Indicador cron\u00f4metro 6&#8243; polegadas 2 m\u00f3dulos"},"content":{"rendered":"","protected":false},"excerpt":{"rendered":"<p>Este produto \u00e9 uma produ\u00e7\u00e3o customizada pela vital tech.<br \/>\nPodem sofrer altera\u00e7\u00f5es via or\u00e7amento.<\/p>\n","protected":false},"featured_media":3146,"comment_status":"open","ping_status":"closed","template":"","meta":{"site-sidebar-layout":"default","site-content-layout":"default","ast-global-header-display":"","ast-main-header-display":"","ast-hfb-above-header-display":"","ast-hfb-below-header-display":"","ast-hfb-mobile-header-display":"","site-post-title":"","ast-breadcrumbs-content":"","ast-featured-img":"","footer-sml-layout":"","theme-transparent-header-meta":"default","adv-header-id-meta":"","stick-header-meta":"default","header-above-stick-meta":"","header-main-stick-meta":"","header-below-stick-meta":"","_joinchat":[]},"product_brand":[],"product_cat":[70],"product_tag":[],"class_list":{"0":"post-3145","1":"product","2":"type-product","3":"status-publish","4":"has-post-thumbnail","6":"product_cat-cronometros","8":"first","9":"instock","10":"sold-individually","11":"shipping-taxable","12":"purchasable","13":"product-type-simple"},"jetpack_sharing_enabled":true,"_links":{"self":[{"href":"https:\/\/homologa.vitaltech.com.br\/index.php\/wp-json\/wp\/v2\/product\/3145","targetHints":{"allow":["GET"]}}],"collection":[{"href":"https:\/\/homologa.vitaltech.com.br\/index.php\/wp-json\/wp\/v2\/product"}],"about":[{"href":"https:\/\/homologa.vitaltech.com.br\/index.php\/wp-json\/wp\/v2\/types\/product"}],"replies":[{"embeddable":true,"href":"https:\/\/homologa.vitaltech.com.br\/index.php\/wp-json\/wp\/v2\/comments?post=3145"}],"version-history":[{"count":3,"href":"https:\/\/homologa.vitaltech.com.br\/index.php\/wp-json\/wp\/v2\/product\/3145\/revisions"}],"predecessor-version":[{"id":5502,"href":"https:\/\/homologa.vitaltech.com.br\/index.php\/wp-json\/wp\/v2\/product\/3145\/revisions\/5502"}],"wp:featuredmedia":[{"embeddable":true,"href":"https:\/\/homologa.vitaltech.com.br\/index.php\/wp-json\/wp\/v2\/media\/3146"}],"wp:attachment":[{"href":"https:\/\/homologa.vitaltech.com.br\/index.php\/wp-json\/wp\/v2\/media?parent=3145"}],"wp:term":[{"taxonomy":"product_brand","embeddable":true,"href":"https:\/\/homologa.vitaltech.com.br\/index.php\/wp-json\/wp\/v2\/product_brand?post=3145"},{"taxonomy":"product_cat","embeddable":true,"href":"https:\/\/homologa.vitaltech.com.br\/index.php\/wp-json\/wp\/v2\/product_cat?post=3145"},{"taxonomy":"product_tag","embeddable":true,"href":"https:\/\/homologa.vitaltech.com.br\/index.php\/wp-json\/wp\/v2\/product_tag?post=3145"}],"curies":[{"name":"wp","href":"https:\/\/api.w.org\/{rel}","templated":true}]}}