{"id":3136,"date":"2022-05-13T16:18:29","date_gmt":"2022-05-13T16:18:29","guid":{"rendered":"https:\/\/homologa.vitaltech.com.br\/index.php\/product\/ind-0345c-copy-2-copy-copy-copy-copy-copy-copy-2\/"},"modified":"2022-06-09T20:20:03","modified_gmt":"2022-06-09T20:20:03","slug":"indicador-cronometro-6-polegadas-6-modulos","status":"publish","type":"product","link":"https:\/\/homologa.vitaltech.com.br\/index.php\/product\/indicador-cronometro-6-polegadas-6-modulos\/","title":{"rendered":"Indicador cron\u00f4metro 6&#8243; polegadas 6 m\u00f3dulos"},"content":{"rendered":"","protected":false},"excerpt":{"rendered":"<p>Este produto \u00e9 uma produ\u00e7\u00e3o customizada pela vital tech.<br \/>\nPodem sofrer altera\u00e7\u00f5es via or\u00e7amento.<\/p>\n","protected":false},"featured_media":3137,"comment_status":"open","ping_status":"closed","template":"","meta":{"site-sidebar-layout":"default","site-content-layout":"default","ast-global-header-display":"","ast-main-header-display":"","ast-hfb-above-header-display":"","ast-hfb-below-header-display":"","ast-hfb-mobile-header-display":"","site-post-title":"","ast-breadcrumbs-content":"","ast-featured-img":"","footer-sml-layout":"","theme-transparent-header-meta":"default","adv-header-id-meta":"","stick-header-meta":"default","header-above-stick-meta":"","header-main-stick-meta":"","header-below-stick-meta":"","_joinchat":[]},"product_brand":[],"product_cat":[119,99,70],"product_tag":[],"class_list":{"0":"post-3136","1":"product","2":"type-product","3":"status-publish","4":"has-post-thumbnail","6":"product_cat-andons_eletronicos","7":"product_cat-paineis_de_producao_industrial","8":"product_cat-cronometros","10":"first","11":"instock","12":"sold-individually","13":"shipping-taxable","14":"purchasable","15":"product-type-simple"},"jetpack_sharing_enabled":true,"_links":{"self":[{"href":"https:\/\/homologa.vitaltech.com.br\/index.php\/wp-json\/wp\/v2\/product\/3136","targetHints":{"allow":["GET"]}}],"collection":[{"href":"https:\/\/homologa.vitaltech.com.br\/index.php\/wp-json\/wp\/v2\/product"}],"about":[{"href":"https:\/\/homologa.vitaltech.com.br\/index.php\/wp-json\/wp\/v2\/types\/product"}],"replies":[{"embeddable":true,"href":"https:\/\/homologa.vitaltech.com.br\/index.php\/wp-json\/wp\/v2\/comments?post=3136"}],"version-history":[{"count":6,"href":"https:\/\/homologa.vitaltech.com.br\/index.php\/wp-json\/wp\/v2\/product\/3136\/revisions"}],"predecessor-version":[{"id":5501,"href":"https:\/\/homologa.vitaltech.com.br\/index.php\/wp-json\/wp\/v2\/product\/3136\/revisions\/5501"}],"wp:featuredmedia":[{"embeddable":true,"href":"https:\/\/homologa.vitaltech.com.br\/index.php\/wp-json\/wp\/v2\/media\/3137"}],"wp:attachment":[{"href":"https:\/\/homologa.vitaltech.com.br\/index.php\/wp-json\/wp\/v2\/media?parent=3136"}],"wp:term":[{"taxonomy":"product_brand","embeddable":true,"href":"https:\/\/homologa.vitaltech.com.br\/index.php\/wp-json\/wp\/v2\/product_brand?post=3136"},{"taxonomy":"product_cat","embeddable":true,"href":"https:\/\/homologa.vitaltech.com.br\/index.php\/wp-json\/wp\/v2\/product_cat?post=3136"},{"taxonomy":"product_tag","embeddable":true,"href":"https:\/\/homologa.vitaltech.com.br\/index.php\/wp-json\/wp\/v2\/product_tag?post=3136"}],"curies":[{"name":"wp","href":"https:\/\/api.w.org\/{rel}","templated":true}]}}